{"id":935,"date":"2022-10-20T07:51:55","date_gmt":"2022-10-20T10:51:55","guid":{"rendered":"https:\/\/joelcamaracoach.com\/?post_type=product&#038;p=935"},"modified":"2025-06-24T18:22:38","modified_gmt":"2025-06-24T21:22:38","slug":"conduzindo-a-propria-mudanca-joel-camara","status":"publish","type":"product","link":"https:\/\/joelcamaracoach.com\/en\/product\/conduzindo-a-propria-mudanca-joel-camara\/","title":{"rendered":"Leading  your own change \u2013 Joel C\u00e2mara"},"content":{"rendered":"","protected":false},"excerpt":{"rendered":"<p><span>\"It's like a travel that this book should be read. In its pages there will be not only advice and tips from those who lived, but elegance in the account and, above all, enough passion to make this a really rewarding read. Its author is one of those dissatisfied, curious and courageous individuals who occasionally shake off the dust, break the cements and open new roads.\" Jelson Oliveira, writer, professor of the graduate program and coordinator of the undergraduate course in Philosophy at PUCPR.<\/span><\/p>\n<p><em>Jelson Oliveira, writer, professor of the graduate program and coordinator of the undergraduate course in Philosophy at PUCPR.<\/em><\/p>\n<p>&nbsp;<\/p>","protected":false},"featured_media":1887,"comment_status":"open","ping_status":"closed","template":"","meta":{"inline_featured_image":false},"product_brand":[],"product_cat":[16],"product_tag":[19],"class_list":{"0":"post-935","1":"product","2":"type-product","3":"status-publish","4":"has-post-thumbnail","6":"product_cat-sem-categoria","7":"product_tag-livro","8":"product_shipping_class-livros","10":"first","11":"instock","12":"shipping-taxable","13":"purchasable","14":"product-type-simple"},"yoast_head":"<!-- This site is optimized with the Yoast SEO plugin v27.2 - https:\/\/yoast.com\/product\/yoast-seo-wordpress\/ -->\n<title>Conduzindo a pr\u00f3pria mudan\u00e7a - Joel C\u00e2mara - Joel C\u00e2mara Coach<\/title>\n<meta name=\"description\" content=\"\u201c\u00c9 como viagem que esse livro deve ser lido. H\u00e1 eleg\u00e2ncia no relato&quot; Palavras do professor Jelson Oliveira, PUCPR.\" \/>\n<meta name=\"robots\" content=\"index, follow, max-snippet:-1, max-image-preview:large, max-video-preview:-1\" \/>\n<link rel=\"canonical\" href=\"https:\/\/joelcamaracoach.com\/en\/product\/conduzindo-a-propria-mudanca-joel-camara\/\" \/>\n<meta property=\"og:locale\" content=\"en_GB\" \/>\n<meta property=\"og:type\" content=\"article\" \/>\n<meta property=\"og:title\" content=\"Conduzindo a pr\u00f3pria mudan\u00e7a - Joel C\u00e2mara - Joel C\u00e2mara Coach\" \/>\n<meta property=\"og:description\" content=\"\u201c\u00c9 como viagem que esse livro deve ser lido. H\u00e1 eleg\u00e2ncia no relato&quot; Palavras do professor Jelson Oliveira, PUCPR.\" \/>\n<meta property=\"og:url\" content=\"https:\/\/joelcamaracoach.com\/en\/product\/conduzindo-a-propria-mudanca-joel-camara\/\" \/>\n<meta property=\"og:site_name\" content=\"Joel C\u00e2mara Coach\" \/>\n<meta property=\"article:publisher\" content=\"https:\/\/www.facebook.com\/joelcamaracoachange42\" \/>\n<meta property=\"article:modified_time\" content=\"2025-06-24T21:22:38+00:00\" \/>\n<meta property=\"og:image\" content=\"https:\/\/joelcamaracoach.com\/wp-content\/uploads\/2023\/12\/otmz-Conduzindo-a-propria-mudanca-Joel-Camara-Livro.webp\" \/>\n\t<meta property=\"og:image:width\" content=\"691\" \/>\n\t<meta property=\"og:image:height\" content=\"1001\" \/>\n\t<meta property=\"og:image:type\" content=\"image\/webp\" \/>\n<meta name=\"twitter:card\" content=\"summary_large_image\" \/>\n<meta name=\"twitter:label1\" content=\"Estimated reading time\" \/>\n\t<meta name=\"twitter:data1\" content=\"1 minute\" \/>\n<script type=\"application\/ld+json\" class=\"yoast-schema-graph\">{\"@context\":\"https:\/\/schema.org\",\"@graph\":[{\"@type\":\"WebPage\",\"@id\":\"https:\/\/joelcamaracoach.com\/produto\/conduzindo-a-propria-mudanca-joel-camara\/\",\"url\":\"https:\/\/joelcamaracoach.com\/produto\/conduzindo-a-propria-mudanca-joel-camara\/\",\"name\":\"Conduzindo a pr\u00f3pria mudan\u00e7a - Joel C\u00e2mara - Joel C\u00e2mara Coach\",\"isPartOf\":{\"@id\":\"https:\/\/joelcamaracoach.com\/#website\"},\"primaryImageOfPage\":{\"@id\":\"https:\/\/joelcamaracoach.com\/produto\/conduzindo-a-propria-mudanca-joel-camara\/#primaryimage\"},\"image\":{\"@id\":\"https:\/\/joelcamaracoach.com\/produto\/conduzindo-a-propria-mudanca-joel-camara\/#primaryimage\"},\"thumbnailUrl\":\"https:\/\/joelcamaracoach.com\/wp-content\/uploads\/2023\/12\/otmz-Conduzindo-a-propria-mudanca-Joel-Camara-Livro.webp\",\"datePublished\":\"2022-10-20T10:51:55+00:00\",\"dateModified\":\"2025-06-24T21:22:38+00:00\",\"description\":\"\u201c\u00c9 como viagem que esse livro deve ser lido. H\u00e1 eleg\u00e2ncia no relato\\\" Palavras do professor Jelson Oliveira, PUCPR.\",\"breadcrumb\":{\"@id\":\"https:\/\/joelcamaracoach.com\/produto\/conduzindo-a-propria-mudanca-joel-camara\/#breadcrumb\"},\"inLanguage\":\"en-GB\",\"potentialAction\":[{\"@type\":\"ReadAction\",\"target\":[\"https:\/\/joelcamaracoach.com\/produto\/conduzindo-a-propria-mudanca-joel-camara\/\"]}]},{\"@type\":\"ImageObject\",\"inLanguage\":\"en-GB\",\"@id\":\"https:\/\/joelcamaracoach.com\/produto\/conduzindo-a-propria-mudanca-joel-camara\/#primaryimage\",\"url\":\"https:\/\/joelcamaracoach.com\/wp-content\/uploads\/2023\/12\/otmz-Conduzindo-a-propria-mudanca-Joel-Camara-Livro.webp\",\"contentUrl\":\"https:\/\/joelcamaracoach.com\/wp-content\/uploads\/2023\/12\/otmz-Conduzindo-a-propria-mudanca-Joel-Camara-Livro.webp\",\"width\":691,\"height\":1001},{\"@type\":\"BreadcrumbList\",\"@id\":\"https:\/\/joelcamaracoach.com\/produto\/conduzindo-a-propria-mudanca-joel-camara\/#breadcrumb\",\"itemListElement\":[{\"@type\":\"ListItem\",\"position\":1,\"name\":\"In\u00edcio\",\"item\":\"https:\/\/joelcamaracoach.com\/\"},{\"@type\":\"ListItem\",\"position\":2,\"name\":\"Loja\",\"item\":\"https:\/\/joelcamaracoach.com\/loja\/\"},{\"@type\":\"ListItem\",\"position\":3,\"name\":\"Conduzindo a pr\u00f3pria mudan\u00e7a &#8211; Joel C\u00e2mara\"}]},{\"@type\":\"WebSite\",\"@id\":\"https:\/\/joelcamaracoach.com\/#website\",\"url\":\"https:\/\/joelcamaracoach.com\/\",\"name\":\"Joel C\u00e2mara - Coach & Mentoria\",\"description\":\"Coach &amp; Mentoria\",\"publisher\":{\"@id\":\"https:\/\/joelcamaracoach.com\/#\/schema\/person\/ade0dc426da8e466b0070b9aa389bc98\"},\"alternateName\":\"Joel C\u00e2mara\",\"potentialAction\":[{\"@type\":\"SearchAction\",\"target\":{\"@type\":\"EntryPoint\",\"urlTemplate\":\"https:\/\/joelcamaracoach.com\/?s={search_term_string}\"},\"query-input\":{\"@type\":\"PropertyValueSpecification\",\"valueRequired\":true,\"valueName\":\"search_term_string\"}}],\"inLanguage\":\"en-GB\"},{\"@type\":[\"Person\",\"Organization\"],\"@id\":\"https:\/\/joelcamaracoach.com\/#\/schema\/person\/ade0dc426da8e466b0070b9aa389bc98\",\"name\":\"Joel C\u00e2mara\",\"image\":{\"@type\":\"ImageObject\",\"inLanguage\":\"en-GB\",\"@id\":\"https:\/\/joelcamaracoach.com\/wp-content\/uploads\/2022\/10\/Joel-Camara-Coach-Icones-02.svg\",\"url\":\"https:\/\/joelcamaracoach.com\/wp-content\/uploads\/2022\/10\/Joel-Camara-Coach-Icones-02.svg\",\"contentUrl\":\"https:\/\/joelcamaracoach.com\/wp-content\/uploads\/2022\/10\/Joel-Camara-Coach-Icones-02.svg\",\"width\":1407,\"height\":1000,\"caption\":\"Joel C\u00e2mara\"},\"logo\":{\"@id\":\"https:\/\/joelcamaracoach.com\/wp-content\/uploads\/2022\/10\/Joel-Camara-Coach-Icones-02.svg\"},\"description\":\"Joel \u00e9 coach diplomado pela NYU- New York University- School of Professional Studies, tendo mais de 1000 horas de treinamentos em coaching e cont\u00e9udos de apoio ao coaching e mais de 500 horas de atendimento a clientes individuais com alto n\u00edvel de satisfa\u00e7\u00e3o. Foi engenheiro e l\u00edder organizacional por mais de 28 anos, 26 dos quais em duas grandes corpora\u00e7\u00f5es mundiais, tendo sido o executivo n\u00famero 1 (Plant Manager) das duas f\u00e1bricas brasileiras de alum\u00ednio da americana ALCOA, e diretor industrial e presidente da Hydro Alunorte, a maior refinaria de alumina do mundo da norueguesa Norsk Hydro. Palestrou em v\u00e1rias cidades do Brasil( S\u00e3o Paulo-SP, Campinas- SP, Rio de Janeiro-RJ, Po\u00e7os de Caldas- MG, S\u00e3o Lu\u00eds- MA), em Portugal(Lisboa) e nos Estados Unidos(Chantilly- Virginia- USA). A convite da diretora mundial de RH da americana ALCOA, fez nos Estados Unidos a palestra de encerramento do LMED- Local Managers Education and Development, importante curso para gerentes de f\u00e1brica da ALCOA de todo o mundo.\",\"sameAs\":[\"https:\/\/www.facebook.com\/joelcamaracoachange42\",\"https:\/\/www.instagram.com\/joelcamaracoach\/\",\"https:\/\/www.linkedin.com\/in\/joel-cmara-a4524a13\/\",\"https:\/\/www.youtube.com\/user\/JoelJOrgeCamara\"]}]}<\/script>\n<!-- \/ Yoast SEO plugin. -->","yoast_head_json":{"title":"Conduzindo a pr\u00f3pria mudan\u00e7a - Joel C\u00e2mara - Joel C\u00e2mara Coach","description":"\u201c\u00c9 como viagem que esse livro deve ser lido. H\u00e1 eleg\u00e2ncia no relato\" Palavras do professor Jelson Oliveira, PUCPR.","robots":{"index":"index","follow":"follow","max-snippet":"max-snippet:-1","max-image-preview":"max-image-preview:large","max-video-preview":"max-video-preview:-1"},"canonical":"https:\/\/joelcamaracoach.com\/en\/product\/conduzindo-a-propria-mudanca-joel-camara\/","og_locale":"en_GB","og_type":"article","og_title":"Conduzindo a pr\u00f3pria mudan\u00e7a - Joel C\u00e2mara - Joel C\u00e2mara Coach","og_description":"\u201c\u00c9 como viagem que esse livro deve ser lido. H\u00e1 eleg\u00e2ncia no relato\" Palavras do professor Jelson Oliveira, PUCPR.","og_url":"https:\/\/joelcamaracoach.com\/en\/product\/conduzindo-a-propria-mudanca-joel-camara\/","og_site_name":"Joel C\u00e2mara Coach","article_publisher":"https:\/\/www.facebook.com\/joelcamaracoachange42","article_modified_time":"2025-06-24T21:22:38+00:00","og_image":[{"width":691,"height":1001,"url":"https:\/\/joelcamaracoach.com\/wp-content\/uploads\/2023\/12\/otmz-Conduzindo-a-propria-mudanca-Joel-Camara-Livro.webp","type":"image\/webp"}],"twitter_card":"summary_large_image","twitter_misc":{"Estimated reading time":"1 minute"},"schema":{"@context":"https:\/\/schema.org","@graph":[{"@type":"WebPage","@id":"https:\/\/joelcamaracoach.com\/produto\/conduzindo-a-propria-mudanca-joel-camara\/","url":"https:\/\/joelcamaracoach.com\/produto\/conduzindo-a-propria-mudanca-joel-camara\/","name":"Conduzindo a pr\u00f3pria mudan\u00e7a - Joel C\u00e2mara - Joel C\u00e2mara Coach","isPartOf":{"@id":"https:\/\/joelcamaracoach.com\/#website"},"primaryImageOfPage":{"@id":"https:\/\/joelcamaracoach.com\/produto\/conduzindo-a-propria-mudanca-joel-camara\/#primaryimage"},"image":{"@id":"https:\/\/joelcamaracoach.com\/produto\/conduzindo-a-propria-mudanca-joel-camara\/#primaryimage"},"thumbnailUrl":"https:\/\/joelcamaracoach.com\/wp-content\/uploads\/2023\/12\/otmz-Conduzindo-a-propria-mudanca-Joel-Camara-Livro.webp","datePublished":"2022-10-20T10:51:55+00:00","dateModified":"2025-06-24T21:22:38+00:00","description":"\u201c\u00c9 como viagem que esse livro deve ser lido. H\u00e1 eleg\u00e2ncia no relato\" Palavras do professor Jelson Oliveira, PUCPR.","breadcrumb":{"@id":"https:\/\/joelcamaracoach.com\/produto\/conduzindo-a-propria-mudanca-joel-camara\/#breadcrumb"},"inLanguage":"en-GB","potentialAction":[{"@type":"ReadAction","target":["https:\/\/joelcamaracoach.com\/produto\/conduzindo-a-propria-mudanca-joel-camara\/"]}]},{"@type":"ImageObject","inLanguage":"en-GB","@id":"https:\/\/joelcamaracoach.com\/produto\/conduzindo-a-propria-mudanca-joel-camara\/#primaryimage","url":"https:\/\/joelcamaracoach.com\/wp-content\/uploads\/2023\/12\/otmz-Conduzindo-a-propria-mudanca-Joel-Camara-Livro.webp","contentUrl":"https:\/\/joelcamaracoach.com\/wp-content\/uploads\/2023\/12\/otmz-Conduzindo-a-propria-mudanca-Joel-Camara-Livro.webp","width":691,"height":1001},{"@type":"BreadcrumbList","@id":"https:\/\/joelcamaracoach.com\/produto\/conduzindo-a-propria-mudanca-joel-camara\/#breadcrumb","itemListElement":[{"@type":"ListItem","position":1,"name":"In\u00edcio","item":"https:\/\/joelcamaracoach.com\/"},{"@type":"ListItem","position":2,"name":"Loja","item":"https:\/\/joelcamaracoach.com\/loja\/"},{"@type":"ListItem","position":3,"name":"Conduzindo a pr\u00f3pria mudan\u00e7a &#8211; Joel C\u00e2mara"}]},{"@type":"WebSite","@id":"https:\/\/joelcamaracoach.com\/#website","url":"https:\/\/joelcamaracoach.com\/","name":"Joel C\u00e2mara - Coach & Mentoria","description":"Coach &amp; Mentoria","publisher":{"@id":"https:\/\/joelcamaracoach.com\/#\/schema\/person\/ade0dc426da8e466b0070b9aa389bc98"},"alternateName":"Joel C\u00e2mara","potentialAction":[{"@type":"SearchAction","target":{"@type":"EntryPoint","urlTemplate":"https:\/\/joelcamaracoach.com\/?s={search_term_string}"},"query-input":{"@type":"PropertyValueSpecification","valueRequired":true,"valueName":"search_term_string"}}],"inLanguage":"en-GB"},{"@type":["Person","Organization"],"@id":"https:\/\/joelcamaracoach.com\/#\/schema\/person\/ade0dc426da8e466b0070b9aa389bc98","name":"Joel C\u00e2mara","image":{"@type":"ImageObject","inLanguage":"en-GB","@id":"https:\/\/joelcamaracoach.com\/wp-content\/uploads\/2022\/10\/Joel-Camara-Coach-Icones-02.svg","url":"https:\/\/joelcamaracoach.com\/wp-content\/uploads\/2022\/10\/Joel-Camara-Coach-Icones-02.svg","contentUrl":"https:\/\/joelcamaracoach.com\/wp-content\/uploads\/2022\/10\/Joel-Camara-Coach-Icones-02.svg","width":1407,"height":1000,"caption":"Joel C\u00e2mara"},"logo":{"@id":"https:\/\/joelcamaracoach.com\/wp-content\/uploads\/2022\/10\/Joel-Camara-Coach-Icones-02.svg"},"description":"Joel \u00e9 coach diplomado pela NYU- New York University- School of Professional Studies, tendo mais de 1000 horas de treinamentos em coaching e cont\u00e9udos de apoio ao coaching e mais de 500 horas de atendimento a clientes individuais com alto n\u00edvel de satisfa\u00e7\u00e3o. Foi engenheiro e l\u00edder organizacional por mais de 28 anos, 26 dos quais em duas grandes corpora\u00e7\u00f5es mundiais, tendo sido o executivo n\u00famero 1 (Plant Manager) das duas f\u00e1bricas brasileiras de alum\u00ednio da americana ALCOA, e diretor industrial e presidente da Hydro Alunorte, a maior refinaria de alumina do mundo da norueguesa Norsk Hydro. Palestrou em v\u00e1rias cidades do Brasil( S\u00e3o Paulo-SP, Campinas- SP, Rio de Janeiro-RJ, Po\u00e7os de Caldas- MG, S\u00e3o Lu\u00eds- MA), em Portugal(Lisboa) e nos Estados Unidos(Chantilly- Virginia- USA). A convite da diretora mundial de RH da americana ALCOA, fez nos Estados Unidos a palestra de encerramento do LMED- Local Managers Education and Development, importante curso para gerentes de f\u00e1brica da ALCOA de todo o mundo.","sameAs":["https:\/\/www.facebook.com\/joelcamaracoachange42","https:\/\/www.instagram.com\/joelcamaracoach\/","https:\/\/www.linkedin.com\/in\/joel-cmara-a4524a13\/","https:\/\/www.youtube.com\/user\/JoelJOrgeCamara"]}]}},"_links":{"self":[{"href":"https:\/\/joelcamaracoach.com\/en\/wp-json\/wp\/v2\/product\/935","targetHints":{"allow":["GET"]}}],"collection":[{"href":"https:\/\/joelcamaracoach.com\/en\/wp-json\/wp\/v2\/product"}],"about":[{"href":"https:\/\/joelcamaracoach.com\/en\/wp-json\/wp\/v2\/types\/product"}],"replies":[{"embeddable":true,"href":"https:\/\/joelcamaracoach.com\/en\/wp-json\/wp\/v2\/comments?post=935"}],"wp:featuredmedia":[{"embeddable":true,"href":"https:\/\/joelcamaracoach.com\/en\/wp-json\/wp\/v2\/media\/1887"}],"wp:attachment":[{"href":"https:\/\/joelcamaracoach.com\/en\/wp-json\/wp\/v2\/media?parent=935"}],"wp:term":[{"taxonomy":"product_brand","embeddable":true,"href":"https:\/\/joelcamaracoach.com\/en\/wp-json\/wp\/v2\/product_brand?post=935"},{"taxonomy":"product_cat","embeddable":true,"href":"https:\/\/joelcamaracoach.com\/en\/wp-json\/wp\/v2\/product_cat?post=935"},{"taxonomy":"product_tag","embeddable":true,"href":"https:\/\/joelcamaracoach.com\/en\/wp-json\/wp\/v2\/product_tag?post=935"}],"curies":[{"name":"wp","href":"https:\/\/api.w.org\/{rel}","templated":true}]}}