{"id":934,"date":"2022-10-20T07:48:42","date_gmt":"2022-10-20T10:48:42","guid":{"rendered":"https:\/\/joelcamaracoach.com\/?post_type=product&#038;p=934"},"modified":"2025-10-05T18:23:16","modified_gmt":"2025-10-05T21:23:16","slug":"afinal-o-que-voce-realmente-quer-para-sua-vida-joel-camara","status":"publish","type":"product","link":"https:\/\/joelcamaracoach.com\/en\/product\/afinal-o-que-voce-realmente-quer-para-sua-vida-joel-camara\/","title":{"rendered":"After all, what do you really want for your life? - Joel Camara"},"content":{"rendered":"","protected":false},"excerpt":{"rendered":"<p><span>\"It's an unsettling book, but also a comforting one. Unsettling because it invites each one to get hold of his own history, to take over his life, leaving in the background the \"endless external expectations\" that usually make us puppets in everyday life. It is a book that \"shakes\" us, that invites us to face reality, to take the reins, to ACT here and now.\"<\/span><\/p>\n<p><em>Gilvanise Gulicz Vial is a psychologist and owner of the Vocational Portal.<\/em><br \/>\n<em>portalvocacional.com.br<\/em><\/p>\n<p>&nbsp;<\/p>","protected":false},"featured_media":1888,"comment_status":"open","ping_status":"closed","template":"","meta":{"inline_featured_image":false},"product_brand":[],"product_cat":[16],"product_tag":[19],"class_list":{"0":"post-934","1":"product","2":"type-product","3":"status-publish","4":"has-post-thumbnail","6":"product_cat-sem-categoria","7":"product_tag-livro","8":"product_shipping_class-livros","10":"first","11":"instock","12":"shipping-taxable","13":"purchasable","14":"product-type-simple"},"yoast_head":"<!-- This site is optimized with the Yoast SEO plugin v27.2 - https:\/\/yoast.com\/product\/yoast-seo-wordpress\/ -->\n<title>Afinal, o que voc\u00ea realmente quer para sua vida? - Joel C\u00e2mara<\/title>\n<meta name=\"description\" content=\"\u201cUm livro inquietante porque convida cada um a apropriar-se da sua hist\u00f3ria, assumir sua vida.\u201d Gilvanise Gulicz Vial (Portal Vocacional)\" \/>\n<meta name=\"robots\" content=\"index, follow, max-snippet:-1, max-image-preview:large, max-video-preview:-1\" \/>\n<link rel=\"canonical\" href=\"https:\/\/joelcamaracoach.com\/en\/product\/afinal-o-que-voce-realmente-quer-para-sua-vida-joel-camara\/\" \/>\n<meta property=\"og:locale\" content=\"en_GB\" \/>\n<meta property=\"og:type\" content=\"article\" \/>\n<meta property=\"og:title\" content=\"Afinal, o que voc\u00ea realmente quer para sua vida? - Joel C\u00e2mara\" \/>\n<meta property=\"og:description\" content=\"\u201cUm livro inquietante porque convida cada um a apropriar-se da sua hist\u00f3ria, assumir sua vida.\u201d Gilvanise Gulicz Vial (Portal Vocacional)\" \/>\n<meta property=\"og:url\" content=\"https:\/\/joelcamaracoach.com\/en\/product\/afinal-o-que-voce-realmente-quer-para-sua-vida-joel-camara\/\" \/>\n<meta property=\"og:site_name\" content=\"Joel C\u00e2mara Coach\" \/>\n<meta property=\"article:publisher\" content=\"https:\/\/www.facebook.com\/joelcamaracoachange42\" \/>\n<meta property=\"article:modified_time\" content=\"2025-10-05T21:23:16+00:00\" \/>\n<meta property=\"og:image\" content=\"https:\/\/joelcamaracoach.com\/wp-content\/uploads\/2023\/12\/otmz-Afinal-o-que-voce-realmente-quer-para-sua-vida-Joel-Camara-Livro.webp\" \/>\n\t<meta property=\"og:image:width\" content=\"690\" \/>\n\t<meta property=\"og:image:height\" content=\"1001\" \/>\n\t<meta property=\"og:image:type\" content=\"image\/webp\" \/>\n<meta name=\"twitter:card\" content=\"summary_large_image\" \/>\n<meta name=\"twitter:label1\" content=\"Estimated reading time\" \/>\n\t<meta name=\"twitter:data1\" content=\"1 minute\" \/>\n<script type=\"application\/ld+json\" class=\"yoast-schema-graph\">{\"@context\":\"https:\/\/schema.org\",\"@graph\":[{\"@type\":\"WebPage\",\"@id\":\"https:\/\/joelcamaracoach.com\/produto\/afinal-o-que-voce-realmente-quer-para-sua-vida-joel-camara\/\",\"url\":\"https:\/\/joelcamaracoach.com\/produto\/afinal-o-que-voce-realmente-quer-para-sua-vida-joel-camara\/\",\"name\":\"Afinal, o que voc\u00ea realmente quer para sua vida? - Joel C\u00e2mara\",\"isPartOf\":{\"@id\":\"https:\/\/joelcamaracoach.com\/#website\"},\"primaryImageOfPage\":{\"@id\":\"https:\/\/joelcamaracoach.com\/produto\/afinal-o-que-voce-realmente-quer-para-sua-vida-joel-camara\/#primaryimage\"},\"image\":{\"@id\":\"https:\/\/joelcamaracoach.com\/produto\/afinal-o-que-voce-realmente-quer-para-sua-vida-joel-camara\/#primaryimage\"},\"thumbnailUrl\":\"https:\/\/joelcamaracoach.com\/wp-content\/uploads\/2023\/12\/otmz-Afinal-o-que-voce-realmente-quer-para-sua-vida-Joel-Camara-Livro.webp\",\"datePublished\":\"2022-10-20T10:48:42+00:00\",\"dateModified\":\"2025-10-05T21:23:16+00:00\",\"description\":\"\u201cUm livro inquietante porque convida cada um a apropriar-se da sua hist\u00f3ria, assumir sua vida.\u201d Gilvanise Gulicz Vial (Portal Vocacional)\",\"breadcrumb\":{\"@id\":\"https:\/\/joelcamaracoach.com\/produto\/afinal-o-que-voce-realmente-quer-para-sua-vida-joel-camara\/#breadcrumb\"},\"inLanguage\":\"en-GB\",\"potentialAction\":[{\"@type\":\"ReadAction\",\"target\":[\"https:\/\/joelcamaracoach.com\/produto\/afinal-o-que-voce-realmente-quer-para-sua-vida-joel-camara\/\"]}]},{\"@type\":\"ImageObject\",\"inLanguage\":\"en-GB\",\"@id\":\"https:\/\/joelcamaracoach.com\/produto\/afinal-o-que-voce-realmente-quer-para-sua-vida-joel-camara\/#primaryimage\",\"url\":\"https:\/\/joelcamaracoach.com\/wp-content\/uploads\/2023\/12\/otmz-Afinal-o-que-voce-realmente-quer-para-sua-vida-Joel-Camara-Livro.webp\",\"contentUrl\":\"https:\/\/joelcamaracoach.com\/wp-content\/uploads\/2023\/12\/otmz-Afinal-o-que-voce-realmente-quer-para-sua-vida-Joel-Camara-Livro.webp\",\"width\":690,\"height\":1001},{\"@type\":\"BreadcrumbList\",\"@id\":\"https:\/\/joelcamaracoach.com\/produto\/afinal-o-que-voce-realmente-quer-para-sua-vida-joel-camara\/#breadcrumb\",\"itemListElement\":[{\"@type\":\"ListItem\",\"position\":1,\"name\":\"In\u00edcio\",\"item\":\"https:\/\/joelcamaracoach.com\/\"},{\"@type\":\"ListItem\",\"position\":2,\"name\":\"Loja\",\"item\":\"https:\/\/joelcamaracoach.com\/loja\/\"},{\"@type\":\"ListItem\",\"position\":3,\"name\":\"Afinal, o que voc\u00ea realmente quer para sua vida? &#8211; Joel C\u00e2mara\"}]},{\"@type\":\"WebSite\",\"@id\":\"https:\/\/joelcamaracoach.com\/#website\",\"url\":\"https:\/\/joelcamaracoach.com\/\",\"name\":\"Joel C\u00e2mara - Coach & Mentoria\",\"description\":\"Coach &amp; Mentoria\",\"publisher\":{\"@id\":\"https:\/\/joelcamaracoach.com\/#\/schema\/person\/ade0dc426da8e466b0070b9aa389bc98\"},\"alternateName\":\"Joel C\u00e2mara\",\"potentialAction\":[{\"@type\":\"SearchAction\",\"target\":{\"@type\":\"EntryPoint\",\"urlTemplate\":\"https:\/\/joelcamaracoach.com\/?s={search_term_string}\"},\"query-input\":{\"@type\":\"PropertyValueSpecification\",\"valueRequired\":true,\"valueName\":\"search_term_string\"}}],\"inLanguage\":\"en-GB\"},{\"@type\":[\"Person\",\"Organization\"],\"@id\":\"https:\/\/joelcamaracoach.com\/#\/schema\/person\/ade0dc426da8e466b0070b9aa389bc98\",\"name\":\"Joel C\u00e2mara\",\"image\":{\"@type\":\"ImageObject\",\"inLanguage\":\"en-GB\",\"@id\":\"https:\/\/joelcamaracoach.com\/wp-content\/uploads\/2022\/10\/Joel-Camara-Coach-Icones-02.svg\",\"url\":\"https:\/\/joelcamaracoach.com\/wp-content\/uploads\/2022\/10\/Joel-Camara-Coach-Icones-02.svg\",\"contentUrl\":\"https:\/\/joelcamaracoach.com\/wp-content\/uploads\/2022\/10\/Joel-Camara-Coach-Icones-02.svg\",\"width\":1407,\"height\":1000,\"caption\":\"Joel C\u00e2mara\"},\"logo\":{\"@id\":\"https:\/\/joelcamaracoach.com\/wp-content\/uploads\/2022\/10\/Joel-Camara-Coach-Icones-02.svg\"},\"description\":\"Joel \u00e9 coach diplomado pela NYU- New York University- School of Professional Studies, tendo mais de 1000 horas de treinamentos em coaching e cont\u00e9udos de apoio ao coaching e mais de 500 horas de atendimento a clientes individuais com alto n\u00edvel de satisfa\u00e7\u00e3o. Foi engenheiro e l\u00edder organizacional por mais de 28 anos, 26 dos quais em duas grandes corpora\u00e7\u00f5es mundiais, tendo sido o executivo n\u00famero 1 (Plant Manager) das duas f\u00e1bricas brasileiras de alum\u00ednio da americana ALCOA, e diretor industrial e presidente da Hydro Alunorte, a maior refinaria de alumina do mundo da norueguesa Norsk Hydro. Palestrou em v\u00e1rias cidades do Brasil( S\u00e3o Paulo-SP, Campinas- SP, Rio de Janeiro-RJ, Po\u00e7os de Caldas- MG, S\u00e3o Lu\u00eds- MA), em Portugal(Lisboa) e nos Estados Unidos(Chantilly- Virginia- USA). A convite da diretora mundial de RH da americana ALCOA, fez nos Estados Unidos a palestra de encerramento do LMED- Local Managers Education and Development, importante curso para gerentes de f\u00e1brica da ALCOA de todo o mundo.\",\"sameAs\":[\"https:\/\/www.facebook.com\/joelcamaracoachange42\",\"https:\/\/www.instagram.com\/joelcamaracoach\/\",\"https:\/\/www.linkedin.com\/in\/joel-cmara-a4524a13\/\",\"https:\/\/www.youtube.com\/user\/JoelJOrgeCamara\"]}]}<\/script>\n<!-- \/ Yoast SEO plugin. -->","yoast_head_json":{"title":"Afinal, o que voc\u00ea realmente quer para sua vida? - Joel C\u00e2mara","description":"\u201cUm livro inquietante porque convida cada um a apropriar-se da sua hist\u00f3ria, assumir sua vida.\u201d Gilvanise Gulicz Vial (Portal Vocacional)","robots":{"index":"index","follow":"follow","max-snippet":"max-snippet:-1","max-image-preview":"max-image-preview:large","max-video-preview":"max-video-preview:-1"},"canonical":"https:\/\/joelcamaracoach.com\/en\/product\/afinal-o-que-voce-realmente-quer-para-sua-vida-joel-camara\/","og_locale":"en_GB","og_type":"article","og_title":"Afinal, o que voc\u00ea realmente quer para sua vida? - Joel C\u00e2mara","og_description":"\u201cUm livro inquietante porque convida cada um a apropriar-se da sua hist\u00f3ria, assumir sua vida.\u201d Gilvanise Gulicz Vial (Portal Vocacional)","og_url":"https:\/\/joelcamaracoach.com\/en\/product\/afinal-o-que-voce-realmente-quer-para-sua-vida-joel-camara\/","og_site_name":"Joel C\u00e2mara Coach","article_publisher":"https:\/\/www.facebook.com\/joelcamaracoachange42","article_modified_time":"2025-10-05T21:23:16+00:00","og_image":[{"width":690,"height":1001,"url":"https:\/\/joelcamaracoach.com\/wp-content\/uploads\/2023\/12\/otmz-Afinal-o-que-voce-realmente-quer-para-sua-vida-Joel-Camara-Livro.webp","type":"image\/webp"}],"twitter_card":"summary_large_image","twitter_misc":{"Estimated reading time":"1 minute"},"schema":{"@context":"https:\/\/schema.org","@graph":[{"@type":"WebPage","@id":"https:\/\/joelcamaracoach.com\/produto\/afinal-o-que-voce-realmente-quer-para-sua-vida-joel-camara\/","url":"https:\/\/joelcamaracoach.com\/produto\/afinal-o-que-voce-realmente-quer-para-sua-vida-joel-camara\/","name":"Afinal, o que voc\u00ea realmente quer para sua vida? - Joel C\u00e2mara","isPartOf":{"@id":"https:\/\/joelcamaracoach.com\/#website"},"primaryImageOfPage":{"@id":"https:\/\/joelcamaracoach.com\/produto\/afinal-o-que-voce-realmente-quer-para-sua-vida-joel-camara\/#primaryimage"},"image":{"@id":"https:\/\/joelcamaracoach.com\/produto\/afinal-o-que-voce-realmente-quer-para-sua-vida-joel-camara\/#primaryimage"},"thumbnailUrl":"https:\/\/joelcamaracoach.com\/wp-content\/uploads\/2023\/12\/otmz-Afinal-o-que-voce-realmente-quer-para-sua-vida-Joel-Camara-Livro.webp","datePublished":"2022-10-20T10:48:42+00:00","dateModified":"2025-10-05T21:23:16+00:00","description":"\u201cUm livro inquietante porque convida cada um a apropriar-se da sua hist\u00f3ria, assumir sua vida.\u201d Gilvanise Gulicz Vial (Portal Vocacional)","breadcrumb":{"@id":"https:\/\/joelcamaracoach.com\/produto\/afinal-o-que-voce-realmente-quer-para-sua-vida-joel-camara\/#breadcrumb"},"inLanguage":"en-GB","potentialAction":[{"@type":"ReadAction","target":["https:\/\/joelcamaracoach.com\/produto\/afinal-o-que-voce-realmente-quer-para-sua-vida-joel-camara\/"]}]},{"@type":"ImageObject","inLanguage":"en-GB","@id":"https:\/\/joelcamaracoach.com\/produto\/afinal-o-que-voce-realmente-quer-para-sua-vida-joel-camara\/#primaryimage","url":"https:\/\/joelcamaracoach.com\/wp-content\/uploads\/2023\/12\/otmz-Afinal-o-que-voce-realmente-quer-para-sua-vida-Joel-Camara-Livro.webp","contentUrl":"https:\/\/joelcamaracoach.com\/wp-content\/uploads\/2023\/12\/otmz-Afinal-o-que-voce-realmente-quer-para-sua-vida-Joel-Camara-Livro.webp","width":690,"height":1001},{"@type":"BreadcrumbList","@id":"https:\/\/joelcamaracoach.com\/produto\/afinal-o-que-voce-realmente-quer-para-sua-vida-joel-camara\/#breadcrumb","itemListElement":[{"@type":"ListItem","position":1,"name":"In\u00edcio","item":"https:\/\/joelcamaracoach.com\/"},{"@type":"ListItem","position":2,"name":"Loja","item":"https:\/\/joelcamaracoach.com\/loja\/"},{"@type":"ListItem","position":3,"name":"Afinal, o que voc\u00ea realmente quer para sua vida? &#8211; Joel C\u00e2mara"}]},{"@type":"WebSite","@id":"https:\/\/joelcamaracoach.com\/#website","url":"https:\/\/joelcamaracoach.com\/","name":"Joel C\u00e2mara - Coach & Mentoria","description":"Coach &amp; Mentoria","publisher":{"@id":"https:\/\/joelcamaracoach.com\/#\/schema\/person\/ade0dc426da8e466b0070b9aa389bc98"},"alternateName":"Joel C\u00e2mara","potentialAction":[{"@type":"SearchAction","target":{"@type":"EntryPoint","urlTemplate":"https:\/\/joelcamaracoach.com\/?s={search_term_string}"},"query-input":{"@type":"PropertyValueSpecification","valueRequired":true,"valueName":"search_term_string"}}],"inLanguage":"en-GB"},{"@type":["Person","Organization"],"@id":"https:\/\/joelcamaracoach.com\/#\/schema\/person\/ade0dc426da8e466b0070b9aa389bc98","name":"Joel C\u00e2mara","image":{"@type":"ImageObject","inLanguage":"en-GB","@id":"https:\/\/joelcamaracoach.com\/wp-content\/uploads\/2022\/10\/Joel-Camara-Coach-Icones-02.svg","url":"https:\/\/joelcamaracoach.com\/wp-content\/uploads\/2022\/10\/Joel-Camara-Coach-Icones-02.svg","contentUrl":"https:\/\/joelcamaracoach.com\/wp-content\/uploads\/2022\/10\/Joel-Camara-Coach-Icones-02.svg","width":1407,"height":1000,"caption":"Joel C\u00e2mara"},"logo":{"@id":"https:\/\/joelcamaracoach.com\/wp-content\/uploads\/2022\/10\/Joel-Camara-Coach-Icones-02.svg"},"description":"Joel \u00e9 coach diplomado pela NYU- New York University- School of Professional Studies, tendo mais de 1000 horas de treinamentos em coaching e cont\u00e9udos de apoio ao coaching e mais de 500 horas de atendimento a clientes individuais com alto n\u00edvel de satisfa\u00e7\u00e3o. Foi engenheiro e l\u00edder organizacional por mais de 28 anos, 26 dos quais em duas grandes corpora\u00e7\u00f5es mundiais, tendo sido o executivo n\u00famero 1 (Plant Manager) das duas f\u00e1bricas brasileiras de alum\u00ednio da americana ALCOA, e diretor industrial e presidente da Hydro Alunorte, a maior refinaria de alumina do mundo da norueguesa Norsk Hydro. Palestrou em v\u00e1rias cidades do Brasil( S\u00e3o Paulo-SP, Campinas- SP, Rio de Janeiro-RJ, Po\u00e7os de Caldas- MG, S\u00e3o Lu\u00eds- MA), em Portugal(Lisboa) e nos Estados Unidos(Chantilly- Virginia- USA). A convite da diretora mundial de RH da americana ALCOA, fez nos Estados Unidos a palestra de encerramento do LMED- Local Managers Education and Development, importante curso para gerentes de f\u00e1brica da ALCOA de todo o mundo.","sameAs":["https:\/\/www.facebook.com\/joelcamaracoachange42","https:\/\/www.instagram.com\/joelcamaracoach\/","https:\/\/www.linkedin.com\/in\/joel-cmara-a4524a13\/","https:\/\/www.youtube.com\/user\/JoelJOrgeCamara"]}]}},"_links":{"self":[{"href":"https:\/\/joelcamaracoach.com\/en\/wp-json\/wp\/v2\/product\/934","targetHints":{"allow":["GET"]}}],"collection":[{"href":"https:\/\/joelcamaracoach.com\/en\/wp-json\/wp\/v2\/product"}],"about":[{"href":"https:\/\/joelcamaracoach.com\/en\/wp-json\/wp\/v2\/types\/product"}],"replies":[{"embeddable":true,"href":"https:\/\/joelcamaracoach.com\/en\/wp-json\/wp\/v2\/comments?post=934"}],"wp:featuredmedia":[{"embeddable":true,"href":"https:\/\/joelcamaracoach.com\/en\/wp-json\/wp\/v2\/media\/1888"}],"wp:attachment":[{"href":"https:\/\/joelcamaracoach.com\/en\/wp-json\/wp\/v2\/media?parent=934"}],"wp:term":[{"taxonomy":"product_brand","embeddable":true,"href":"https:\/\/joelcamaracoach.com\/en\/wp-json\/wp\/v2\/product_brand?post=934"},{"taxonomy":"product_cat","embeddable":true,"href":"https:\/\/joelcamaracoach.com\/en\/wp-json\/wp\/v2\/product_cat?post=934"},{"taxonomy":"product_tag","embeddable":true,"href":"https:\/\/joelcamaracoach.com\/en\/wp-json\/wp\/v2\/product_tag?post=934"}],"curies":[{"name":"wp","href":"https:\/\/api.w.org\/{rel}","templated":true}]}}