{"id":1193,"date":"2022-10-27T20:29:58","date_gmt":"2022-10-27T23:29:58","guid":{"rendered":"https:\/\/joelcamaracoach.com\/?post_type=product&#038;p=1193"},"modified":"2024-01-04T09:54:23","modified_gmt":"2024-01-04T12:54:23","slug":"nos-seus-valores-o-seu-poder","status":"publish","type":"product","link":"https:\/\/joelcamaracoach.com\/en\/product\/nos-seus-valores-o-seu-poder\/","title":{"rendered":"COURSE: IN YOUR VALUES, YOUR POWER \u2013 Assertive Choices | Resilient Decisions | Trajectory of Success"},"content":{"rendered":"","protected":false},"excerpt":{"rendered":"<p class=\"p1\"><b>ESS\u00caNCIA<br \/>\n<\/b>Orientar-se e a sua vida por sua verdade mais primordial que s\u00e3o as suas for\u00e7as principais, os seus diretores energ\u00e9ticos: os seus valores genu\u00ednos.<\/p>\n<p class=\"p1\"><b>VOC\u00ca SER\u00c1 INSTIGADO A FAZER<br \/>\n<\/b>Fazer uma viagem de autoconhecimento para encontrar a sua ess\u00eancia\/verdade que insiste em se revelar para demonstrar a sua melhor vers\u00e3o para o mundo.<\/p>\n<p class=\"p1\"><b>BENEF\u00cdCIOS<br \/>\n<\/b>&#8211; Encontro consigo e com sua melhor vers\u00e3o<br \/>\n&#8211; Coragem para ser e fazer<br \/>\n&#8211; Escolhas e decis\u00f5es que tanto lhe potencializam sucesso genu\u00edno como lhe tornam mais integro e congruente para consigo e para com o mundo ao seu redor<br \/>\n&#8211; Sensa\u00e7\u00e3o profunda e crescente de assenhorear-se de seu pr\u00f3prio destino<\/p>","protected":false},"featured_media":1894,"comment_status":"open","ping_status":"closed","template":"","meta":{"inline_featured_image":false},"product_brand":[],"product_cat":[16],"product_tag":[],"class_list":{"0":"post-1193","1":"product","2":"type-product","3":"status-publish","4":"has-post-thumbnail","6":"product_cat-sem-categoria","8":"first","9":"instock","10":"shipping-taxable","11":"product-type-external"},"yoast_head":"<!-- This site is optimized with the Yoast SEO plugin v27.2 - https:\/\/yoast.com\/product\/yoast-seo-wordpress\/ -->\n<title>CURSO: Nos Seus Valores, O Seu Poder! - Joel C\u00e2mara<\/title>\n<meta name=\"description\" content=\"Voc\u00ea ser\u00e1 instigado a fazer uma viagem de autoconhecimento para encontrar a sua ess\u00eancia que senrevela para demonstrar a sua melhor vers\u00e3o para o mundo.\" \/>\n<meta name=\"robots\" content=\"index, follow, max-snippet:-1, max-image-preview:large, max-video-preview:-1\" \/>\n<link rel=\"canonical\" href=\"https:\/\/joelcamaracoach.com\/en\/product\/nos-seus-valores-o-seu-poder\/\" \/>\n<meta property=\"og:locale\" content=\"en_GB\" \/>\n<meta property=\"og:type\" content=\"article\" \/>\n<meta property=\"og:title\" content=\"CURSO: Nos Seus Valores, O Seu Poder! - Joel C\u00e2mara\" \/>\n<meta property=\"og:description\" content=\"Voc\u00ea ser\u00e1 instigado a fazer uma viagem de autoconhecimento para encontrar a sua ess\u00eancia que senrevela para demonstrar a sua melhor vers\u00e3o para o mundo.\" \/>\n<meta property=\"og:url\" content=\"https:\/\/joelcamaracoach.com\/en\/product\/nos-seus-valores-o-seu-poder\/\" \/>\n<meta property=\"og:site_name\" content=\"Joel C\u00e2mara Coach\" \/>\n<meta property=\"article:publisher\" content=\"https:\/\/www.facebook.com\/joelcamaracoachange42\" \/>\n<meta property=\"article:modified_time\" content=\"2024-01-04T12:54:23+00:00\" \/>\n<meta property=\"og:image\" content=\"https:\/\/joelcamaracoach.com\/wp-content\/uploads\/2023\/12\/otmz-WhatsApp-Image-2022-11-14-at-10.20.12_1.webp\" \/>\n\t<meta property=\"og:image:width\" content=\"1000\" \/>\n\t<meta property=\"og:image:height\" content=\"1104\" \/>\n\t<meta property=\"og:image:type\" content=\"image\/webp\" \/>\n<meta name=\"twitter:card\" content=\"summary_large_image\" \/>\n<meta name=\"twitter:label1\" content=\"Estimated reading time\" \/>\n\t<meta name=\"twitter:data1\" content=\"1 minute\" \/>\n<script type=\"application\/ld+json\" class=\"yoast-schema-graph\">{\"@context\":\"https:\/\/schema.org\",\"@graph\":[{\"@type\":\"WebPage\",\"@id\":\"https:\/\/joelcamaracoach.com\/produto\/nos-seus-valores-o-seu-poder\/\",\"url\":\"https:\/\/joelcamaracoach.com\/produto\/nos-seus-valores-o-seu-poder\/\",\"name\":\"CURSO: Nos Seus Valores, O Seu Poder! - Joel C\u00e2mara\",\"isPartOf\":{\"@id\":\"https:\/\/joelcamaracoach.com\/#website\"},\"primaryImageOfPage\":{\"@id\":\"https:\/\/joelcamaracoach.com\/produto\/nos-seus-valores-o-seu-poder\/#primaryimage\"},\"image\":{\"@id\":\"https:\/\/joelcamaracoach.com\/produto\/nos-seus-valores-o-seu-poder\/#primaryimage\"},\"thumbnailUrl\":\"https:\/\/joelcamaracoach.com\/wp-content\/uploads\/2023\/12\/otmz-WhatsApp-Image-2022-11-14-at-10.20.12_1.webp\",\"datePublished\":\"2022-10-27T23:29:58+00:00\",\"dateModified\":\"2024-01-04T12:54:23+00:00\",\"description\":\"Voc\u00ea ser\u00e1 instigado a fazer uma viagem de autoconhecimento para encontrar a sua ess\u00eancia que senrevela para demonstrar a sua melhor vers\u00e3o para o mundo.\",\"breadcrumb\":{\"@id\":\"https:\/\/joelcamaracoach.com\/produto\/nos-seus-valores-o-seu-poder\/#breadcrumb\"},\"inLanguage\":\"en-GB\",\"potentialAction\":[{\"@type\":\"ReadAction\",\"target\":[\"https:\/\/joelcamaracoach.com\/produto\/nos-seus-valores-o-seu-poder\/\"]}]},{\"@type\":\"ImageObject\",\"inLanguage\":\"en-GB\",\"@id\":\"https:\/\/joelcamaracoach.com\/produto\/nos-seus-valores-o-seu-poder\/#primaryimage\",\"url\":\"https:\/\/joelcamaracoach.com\/wp-content\/uploads\/2023\/12\/otmz-WhatsApp-Image-2022-11-14-at-10.20.12_1.webp\",\"contentUrl\":\"https:\/\/joelcamaracoach.com\/wp-content\/uploads\/2023\/12\/otmz-WhatsApp-Image-2022-11-14-at-10.20.12_1.webp\",\"width\":1000,\"height\":1104},{\"@type\":\"BreadcrumbList\",\"@id\":\"https:\/\/joelcamaracoach.com\/produto\/nos-seus-valores-o-seu-poder\/#breadcrumb\",\"itemListElement\":[{\"@type\":\"ListItem\",\"position\":1,\"name\":\"In\u00edcio\",\"item\":\"https:\/\/joelcamaracoach.com\/\"},{\"@type\":\"ListItem\",\"position\":2,\"name\":\"Loja\",\"item\":\"https:\/\/joelcamaracoach.com\/loja\/\"},{\"@type\":\"ListItem\",\"position\":3,\"name\":\"CURSO: NOS SEUS VALORES, O SEU PODER &#8211; Escolhas Assertivas | Decis\u00f5es Resilientes | Trajet\u00f3ria de Sucesso\"}]},{\"@type\":\"WebSite\",\"@id\":\"https:\/\/joelcamaracoach.com\/#website\",\"url\":\"https:\/\/joelcamaracoach.com\/\",\"name\":\"Joel C\u00e2mara - Coach & Mentoria\",\"description\":\"Coach &amp; Mentoria\",\"publisher\":{\"@id\":\"https:\/\/joelcamaracoach.com\/#\/schema\/person\/ade0dc426da8e466b0070b9aa389bc98\"},\"alternateName\":\"Joel C\u00e2mara\",\"potentialAction\":[{\"@type\":\"SearchAction\",\"target\":{\"@type\":\"EntryPoint\",\"urlTemplate\":\"https:\/\/joelcamaracoach.com\/?s={search_term_string}\"},\"query-input\":{\"@type\":\"PropertyValueSpecification\",\"valueRequired\":true,\"valueName\":\"search_term_string\"}}],\"inLanguage\":\"en-GB\"},{\"@type\":[\"Person\",\"Organization\"],\"@id\":\"https:\/\/joelcamaracoach.com\/#\/schema\/person\/ade0dc426da8e466b0070b9aa389bc98\",\"name\":\"Joel C\u00e2mara\",\"image\":{\"@type\":\"ImageObject\",\"inLanguage\":\"en-GB\",\"@id\":\"https:\/\/joelcamaracoach.com\/wp-content\/uploads\/2022\/10\/Joel-Camara-Coach-Icones-02.svg\",\"url\":\"https:\/\/joelcamaracoach.com\/wp-content\/uploads\/2022\/10\/Joel-Camara-Coach-Icones-02.svg\",\"contentUrl\":\"https:\/\/joelcamaracoach.com\/wp-content\/uploads\/2022\/10\/Joel-Camara-Coach-Icones-02.svg\",\"width\":1407,\"height\":1000,\"caption\":\"Joel C\u00e2mara\"},\"logo\":{\"@id\":\"https:\/\/joelcamaracoach.com\/wp-content\/uploads\/2022\/10\/Joel-Camara-Coach-Icones-02.svg\"},\"description\":\"Joel \u00e9 coach diplomado pela NYU- New York University- School of Professional Studies, tendo mais de 1000 horas de treinamentos em coaching e cont\u00e9udos de apoio ao coaching e mais de 500 horas de atendimento a clientes individuais com alto n\u00edvel de satisfa\u00e7\u00e3o. Foi engenheiro e l\u00edder organizacional por mais de 28 anos, 26 dos quais em duas grandes corpora\u00e7\u00f5es mundiais, tendo sido o executivo n\u00famero 1 (Plant Manager) das duas f\u00e1bricas brasileiras de alum\u00ednio da americana ALCOA, e diretor industrial e presidente da Hydro Alunorte, a maior refinaria de alumina do mundo da norueguesa Norsk Hydro. Palestrou em v\u00e1rias cidades do Brasil( S\u00e3o Paulo-SP, Campinas- SP, Rio de Janeiro-RJ, Po\u00e7os de Caldas- MG, S\u00e3o Lu\u00eds- MA), em Portugal(Lisboa) e nos Estados Unidos(Chantilly- Virginia- USA). A convite da diretora mundial de RH da americana ALCOA, fez nos Estados Unidos a palestra de encerramento do LMED- Local Managers Education and Development, importante curso para gerentes de f\u00e1brica da ALCOA de todo o mundo.\",\"sameAs\":[\"https:\/\/www.facebook.com\/joelcamaracoachange42\",\"https:\/\/www.instagram.com\/joelcamaracoach\/\",\"https:\/\/www.linkedin.com\/in\/joel-cmara-a4524a13\/\",\"https:\/\/www.youtube.com\/user\/JoelJOrgeCamara\"]}]}<\/script>\n<!-- \/ Yoast SEO plugin. -->","yoast_head_json":{"title":"CURSO: Nos Seus Valores, O Seu Poder! - Joel C\u00e2mara","description":"Voc\u00ea ser\u00e1 instigado a fazer uma viagem de autoconhecimento para encontrar a sua ess\u00eancia que senrevela para demonstrar a sua melhor vers\u00e3o para o mundo.","robots":{"index":"index","follow":"follow","max-snippet":"max-snippet:-1","max-image-preview":"max-image-preview:large","max-video-preview":"max-video-preview:-1"},"canonical":"https:\/\/joelcamaracoach.com\/en\/product\/nos-seus-valores-o-seu-poder\/","og_locale":"en_GB","og_type":"article","og_title":"CURSO: Nos Seus Valores, O Seu Poder! - Joel C\u00e2mara","og_description":"Voc\u00ea ser\u00e1 instigado a fazer uma viagem de autoconhecimento para encontrar a sua ess\u00eancia que senrevela para demonstrar a sua melhor vers\u00e3o para o mundo.","og_url":"https:\/\/joelcamaracoach.com\/en\/product\/nos-seus-valores-o-seu-poder\/","og_site_name":"Joel C\u00e2mara Coach","article_publisher":"https:\/\/www.facebook.com\/joelcamaracoachange42","article_modified_time":"2024-01-04T12:54:23+00:00","og_image":[{"width":1000,"height":1104,"url":"https:\/\/joelcamaracoach.com\/wp-content\/uploads\/2023\/12\/otmz-WhatsApp-Image-2022-11-14-at-10.20.12_1.webp","type":"image\/webp"}],"twitter_card":"summary_large_image","twitter_misc":{"Estimated reading time":"1 minute"},"schema":{"@context":"https:\/\/schema.org","@graph":[{"@type":"WebPage","@id":"https:\/\/joelcamaracoach.com\/produto\/nos-seus-valores-o-seu-poder\/","url":"https:\/\/joelcamaracoach.com\/produto\/nos-seus-valores-o-seu-poder\/","name":"CURSO: Nos Seus Valores, O Seu Poder! - Joel C\u00e2mara","isPartOf":{"@id":"https:\/\/joelcamaracoach.com\/#website"},"primaryImageOfPage":{"@id":"https:\/\/joelcamaracoach.com\/produto\/nos-seus-valores-o-seu-poder\/#primaryimage"},"image":{"@id":"https:\/\/joelcamaracoach.com\/produto\/nos-seus-valores-o-seu-poder\/#primaryimage"},"thumbnailUrl":"https:\/\/joelcamaracoach.com\/wp-content\/uploads\/2023\/12\/otmz-WhatsApp-Image-2022-11-14-at-10.20.12_1.webp","datePublished":"2022-10-27T23:29:58+00:00","dateModified":"2024-01-04T12:54:23+00:00","description":"Voc\u00ea ser\u00e1 instigado a fazer uma viagem de autoconhecimento para encontrar a sua ess\u00eancia que senrevela para demonstrar a sua melhor vers\u00e3o para o mundo.","breadcrumb":{"@id":"https:\/\/joelcamaracoach.com\/produto\/nos-seus-valores-o-seu-poder\/#breadcrumb"},"inLanguage":"en-GB","potentialAction":[{"@type":"ReadAction","target":["https:\/\/joelcamaracoach.com\/produto\/nos-seus-valores-o-seu-poder\/"]}]},{"@type":"ImageObject","inLanguage":"en-GB","@id":"https:\/\/joelcamaracoach.com\/produto\/nos-seus-valores-o-seu-poder\/#primaryimage","url":"https:\/\/joelcamaracoach.com\/wp-content\/uploads\/2023\/12\/otmz-WhatsApp-Image-2022-11-14-at-10.20.12_1.webp","contentUrl":"https:\/\/joelcamaracoach.com\/wp-content\/uploads\/2023\/12\/otmz-WhatsApp-Image-2022-11-14-at-10.20.12_1.webp","width":1000,"height":1104},{"@type":"BreadcrumbList","@id":"https:\/\/joelcamaracoach.com\/produto\/nos-seus-valores-o-seu-poder\/#breadcrumb","itemListElement":[{"@type":"ListItem","position":1,"name":"In\u00edcio","item":"https:\/\/joelcamaracoach.com\/"},{"@type":"ListItem","position":2,"name":"Loja","item":"https:\/\/joelcamaracoach.com\/loja\/"},{"@type":"ListItem","position":3,"name":"CURSO: NOS SEUS VALORES, O SEU PODER &#8211; Escolhas Assertivas | Decis\u00f5es Resilientes | Trajet\u00f3ria de Sucesso"}]},{"@type":"WebSite","@id":"https:\/\/joelcamaracoach.com\/#website","url":"https:\/\/joelcamaracoach.com\/","name":"Joel C\u00e2mara - Coach & Mentoria","description":"Coach &amp; Mentoria","publisher":{"@id":"https:\/\/joelcamaracoach.com\/#\/schema\/person\/ade0dc426da8e466b0070b9aa389bc98"},"alternateName":"Joel C\u00e2mara","potentialAction":[{"@type":"SearchAction","target":{"@type":"EntryPoint","urlTemplate":"https:\/\/joelcamaracoach.com\/?s={search_term_string}"},"query-input":{"@type":"PropertyValueSpecification","valueRequired":true,"valueName":"search_term_string"}}],"inLanguage":"en-GB"},{"@type":["Person","Organization"],"@id":"https:\/\/joelcamaracoach.com\/#\/schema\/person\/ade0dc426da8e466b0070b9aa389bc98","name":"Joel C\u00e2mara","image":{"@type":"ImageObject","inLanguage":"en-GB","@id":"https:\/\/joelcamaracoach.com\/wp-content\/uploads\/2022\/10\/Joel-Camara-Coach-Icones-02.svg","url":"https:\/\/joelcamaracoach.com\/wp-content\/uploads\/2022\/10\/Joel-Camara-Coach-Icones-02.svg","contentUrl":"https:\/\/joelcamaracoach.com\/wp-content\/uploads\/2022\/10\/Joel-Camara-Coach-Icones-02.svg","width":1407,"height":1000,"caption":"Joel C\u00e2mara"},"logo":{"@id":"https:\/\/joelcamaracoach.com\/wp-content\/uploads\/2022\/10\/Joel-Camara-Coach-Icones-02.svg"},"description":"Joel \u00e9 coach diplomado pela NYU- New York University- School of Professional Studies, tendo mais de 1000 horas de treinamentos em coaching e cont\u00e9udos de apoio ao coaching e mais de 500 horas de atendimento a clientes individuais com alto n\u00edvel de satisfa\u00e7\u00e3o. Foi engenheiro e l\u00edder organizacional por mais de 28 anos, 26 dos quais em duas grandes corpora\u00e7\u00f5es mundiais, tendo sido o executivo n\u00famero 1 (Plant Manager) das duas f\u00e1bricas brasileiras de alum\u00ednio da americana ALCOA, e diretor industrial e presidente da Hydro Alunorte, a maior refinaria de alumina do mundo da norueguesa Norsk Hydro. Palestrou em v\u00e1rias cidades do Brasil( S\u00e3o Paulo-SP, Campinas- SP, Rio de Janeiro-RJ, Po\u00e7os de Caldas- MG, S\u00e3o Lu\u00eds- MA), em Portugal(Lisboa) e nos Estados Unidos(Chantilly- Virginia- USA). A convite da diretora mundial de RH da americana ALCOA, fez nos Estados Unidos a palestra de encerramento do LMED- Local Managers Education and Development, importante curso para gerentes de f\u00e1brica da ALCOA de todo o mundo.","sameAs":["https:\/\/www.facebook.com\/joelcamaracoachange42","https:\/\/www.instagram.com\/joelcamaracoach\/","https:\/\/www.linkedin.com\/in\/joel-cmara-a4524a13\/","https:\/\/www.youtube.com\/user\/JoelJOrgeCamara"]}]}},"_links":{"self":[{"href":"https:\/\/joelcamaracoach.com\/en\/wp-json\/wp\/v2\/product\/1193","targetHints":{"allow":["GET"]}}],"collection":[{"href":"https:\/\/joelcamaracoach.com\/en\/wp-json\/wp\/v2\/product"}],"about":[{"href":"https:\/\/joelcamaracoach.com\/en\/wp-json\/wp\/v2\/types\/product"}],"replies":[{"embeddable":true,"href":"https:\/\/joelcamaracoach.com\/en\/wp-json\/wp\/v2\/comments?post=1193"}],"wp:featuredmedia":[{"embeddable":true,"href":"https:\/\/joelcamaracoach.com\/en\/wp-json\/wp\/v2\/media\/1894"}],"wp:attachment":[{"href":"https:\/\/joelcamaracoach.com\/en\/wp-json\/wp\/v2\/media?parent=1193"}],"wp:term":[{"taxonomy":"product_brand","embeddable":true,"href":"https:\/\/joelcamaracoach.com\/en\/wp-json\/wp\/v2\/product_brand?post=1193"},{"taxonomy":"product_cat","embeddable":true,"href":"https:\/\/joelcamaracoach.com\/en\/wp-json\/wp\/v2\/product_cat?post=1193"},{"taxonomy":"product_tag","embeddable":true,"href":"https:\/\/joelcamaracoach.com\/en\/wp-json\/wp\/v2\/product_tag?post=1193"}],"curies":[{"name":"wp","href":"https:\/\/api.w.org\/{rel}","templated":true}]}}