{"id":1114,"date":"2022-10-25T17:53:08","date_gmt":"2022-10-25T20:53:08","guid":{"rendered":"https:\/\/joelcamaracoach.com\/?post_type=product&#038;p=1114"},"modified":"2022-10-25T18:00:30","modified_gmt":"2022-10-25T21:00:30","slug":"kindle-afinal-o-que-voce%cc%82-realmente-quer-para-sua-vida-joel-camara","status":"publish","type":"product","link":"https:\/\/joelcamaracoach.com\/en\/product\/kindle-afinal-o-que-voce%cc%82-realmente-quer-para-sua-vida-joel-camara\/","title":{"rendered":"Kindle \u2013 After all, what do you really want for your life \u2013 Joel C\u00e2mara"},"content":{"rendered":"","protected":false},"excerpt":{"rendered":"<p><span>\u00c9 um livro inquietante, mas tamb\u00e9m reconfortante. Inquietante porque convida cada um a apropriar-se da sua hist\u00f3ria, assumir sua vida, deixando em segundo plano as &#8220;infind\u00e1veis expectativas externas&#8221;, que geralmente fazem de n\u00f3s fantoches no dia a dia. \u00c9 um livro que nos &#8220;sacode&#8221;, que nos convida a encarar a realidade, a tomar as r\u00e9deas, a AGIR aqui e agora. Mas, ao mesmo tempo \u00e9 reconfortante porque traz um passo a passo sobre como fazer e deixa muito claro que somos capazes de fazer, de identificar os fantasmas que nos seguram, de enfrentar e eliminar cada um deles, liberando este caminho que nos pertence desde sempre. Ent\u00e3o, por mais que nos apresente algumas &#8220;tarefas desafiantes&#8221; durante o percurso, nos presenteia com um resultado prazeroso: \u00e9 um guia pr\u00e1tico que nos traz a possibilidade de sermos quem queremos e quem escolhemos ser, com tarefas espec\u00edficas, bem definidas e detalhadas, uma verdadeira b\u00fassola para o leitor que est\u00e1 em busca de seu prop\u00f3sito.<\/span><\/p>\n<p><em>Gilvanise Gulicz Vial \u00e9 psic\u00f3loga, propriet\u00e1ria do Portal Vocacional e atua com orienta\u00e7\u00e3o de vida pessoal e profissional, h\u00e1 mais de 25 anos \u2013 portalvocacional.com.br.<\/em><\/p>","protected":false},"featured_media":1892,"comment_status":"open","ping_status":"closed","template":"","meta":{"inline_featured_image":false},"product_brand":[],"product_cat":[16],"product_tag":[],"class_list":{"0":"post-1114","1":"product","2":"type-product","3":"status-publish","4":"has-post-thumbnail","6":"product_cat-sem-categoria","8":"first","9":"instock","10":"shipping-taxable","11":"product-type-external"},"yoast_head":"<!-- This site is optimized with the Yoast SEO plugin v27.2 - https:\/\/yoast.com\/product\/yoast-seo-wordpress\/ -->\n<title>Kindle - Afinal, o que voce\u0302 realmente quer para sua vida - Joel C\u00e2mara - Joel C\u00e2mara Coach<\/title>\n<meta name=\"robots\" content=\"index, follow, max-snippet:-1, max-image-preview:large, max-video-preview:-1\" \/>\n<link rel=\"canonical\" href=\"https:\/\/joelcamaracoach.com\/en\/product\/kindle-afinal-o-que-voce\u0302-realmente-quer-para-sua-vida-joel-camara\/\" \/>\n<meta property=\"og:locale\" content=\"en_GB\" \/>\n<meta property=\"og:type\" content=\"article\" \/>\n<meta property=\"og:title\" content=\"Kindle - Afinal, o que voce\u0302 realmente quer para sua vida - Joel C\u00e2mara - Joel C\u00e2mara Coach\" \/>\n<meta property=\"og:description\" content=\"\u00c9 um livro inquietante, mas tamb\u00e9m reconfortante. Inquietante porque convida cada um a apropriar-se da sua hist\u00f3ria, assumir sua vida, deixando em segundo plano as &quot;infind\u00e1veis expectativas externas&quot;, que geralmente fazem de n\u00f3s fantoches no dia a dia. \u00c9 um livro que nos &quot;sacode&quot;, que nos convida a encarar a realidade, a tomar as r\u00e9deas, a AGIR aqui e agora. Mas, ao mesmo tempo \u00e9 reconfortante porque traz um passo a passo sobre como fazer e deixa muito claro que somos capazes de fazer, de identificar os fantasmas que nos seguram, de enfrentar e eliminar cada um deles, liberando este caminho que nos pertence desde sempre. Ent\u00e3o, por mais que nos apresente algumas &quot;tarefas desafiantes&quot; durante o percurso, nos presenteia com um resultado prazeroso: \u00e9 um guia pr\u00e1tico que nos traz a possibilidade de sermos quem queremos e quem escolhemos ser, com tarefas espec\u00edficas, bem definidas e detalhadas, uma verdadeira b\u00fassola para o leitor que est\u00e1 em busca de seu prop\u00f3sito.  Gilvanise Gulicz Vial \u00e9 psic\u00f3loga, propriet\u00e1ria do Portal Vocacional e atua com orienta\u00e7\u00e3o de vida pessoal e profissional, h\u00e1 mais de 25 anos \u2013 portalvocacional.com.br.\" \/>\n<meta property=\"og:url\" content=\"https:\/\/joelcamaracoach.com\/en\/product\/kindle-afinal-o-que-voce\u0302-realmente-quer-para-sua-vida-joel-camara\/\" \/>\n<meta property=\"og:site_name\" content=\"Joel C\u00e2mara Coach\" \/>\n<meta property=\"article:publisher\" content=\"https:\/\/www.facebook.com\/joelcamaracoachange42\" \/>\n<meta property=\"article:modified_time\" content=\"2022-10-25T21:00:30+00:00\" \/>\n<meta property=\"og:image\" content=\"https:\/\/joelcamaracoach.com\/wp-content\/uploads\/2023\/12\/otmz-Background-Principal_-Joel-Camara-Coach-Mentoria_2.webp\" \/>\n\t<meta property=\"og:image:width\" content=\"1967\" \/>\n\t<meta property=\"og:image:height\" content=\"1080\" \/>\n\t<meta property=\"og:image:type\" content=\"image\/webp\" \/>\n<meta name=\"twitter:card\" content=\"summary_large_image\" \/>\n<script type=\"application\/ld+json\" class=\"yoast-schema-graph\">{\"@context\":\"https:\/\/schema.org\",\"@graph\":[{\"@type\":\"WebPage\",\"@id\":\"https:\/\/joelcamaracoach.com\/produto\/kindle-afinal-o-que-voce%cc%82-realmente-quer-para-sua-vida-joel-camara\/\",\"url\":\"https:\/\/joelcamaracoach.com\/produto\/kindle-afinal-o-que-voce%cc%82-realmente-quer-para-sua-vida-joel-camara\/\",\"name\":\"Kindle - Afinal, o que voce\u0302 realmente quer para sua vida - Joel C\u00e2mara - Joel C\u00e2mara Coach\",\"isPartOf\":{\"@id\":\"https:\/\/joelcamaracoach.com\/#website\"},\"primaryImageOfPage\":{\"@id\":\"https:\/\/joelcamaracoach.com\/produto\/kindle-afinal-o-que-voce%cc%82-realmente-quer-para-sua-vida-joel-camara\/#primaryimage\"},\"image\":{\"@id\":\"https:\/\/joelcamaracoach.com\/produto\/kindle-afinal-o-que-voce%cc%82-realmente-quer-para-sua-vida-joel-camara\/#primaryimage\"},\"thumbnailUrl\":\"https:\/\/joelcamaracoach.com\/wp-content\/uploads\/2023\/12\/otmz-Kindle-Afinal-o-que-voce-realmente-quer-para-sua-vida-Joel-Camara-Livro.webp\",\"datePublished\":\"2022-10-25T20:53:08+00:00\",\"dateModified\":\"2022-10-25T21:00:30+00:00\",\"breadcrumb\":{\"@id\":\"https:\/\/joelcamaracoach.com\/produto\/kindle-afinal-o-que-voce%cc%82-realmente-quer-para-sua-vida-joel-camara\/#breadcrumb\"},\"inLanguage\":\"en-GB\",\"potentialAction\":[{\"@type\":\"ReadAction\",\"target\":[\"https:\/\/joelcamaracoach.com\/produto\/kindle-afinal-o-que-voce%cc%82-realmente-quer-para-sua-vida-joel-camara\/\"]}]},{\"@type\":\"ImageObject\",\"inLanguage\":\"en-GB\",\"@id\":\"https:\/\/joelcamaracoach.com\/produto\/kindle-afinal-o-que-voce%cc%82-realmente-quer-para-sua-vida-joel-camara\/#primaryimage\",\"url\":\"https:\/\/joelcamaracoach.com\/wp-content\/uploads\/2023\/12\/otmz-Kindle-Afinal-o-que-voce-realmente-quer-para-sua-vida-Joel-Camara-Livro.webp\",\"contentUrl\":\"https:\/\/joelcamaracoach.com\/wp-content\/uploads\/2023\/12\/otmz-Kindle-Afinal-o-que-voce-realmente-quer-para-sua-vida-Joel-Camara-Livro.webp\",\"width\":600,\"height\":900},{\"@type\":\"BreadcrumbList\",\"@id\":\"https:\/\/joelcamaracoach.com\/produto\/kindle-afinal-o-que-voce%cc%82-realmente-quer-para-sua-vida-joel-camara\/#breadcrumb\",\"itemListElement\":[{\"@type\":\"ListItem\",\"position\":1,\"name\":\"In\u00edcio\",\"item\":\"https:\/\/joelcamaracoach.com\/\"},{\"@type\":\"ListItem\",\"position\":2,\"name\":\"Loja\",\"item\":\"https:\/\/joelcamaracoach.com\/loja\/\"},{\"@type\":\"ListItem\",\"position\":3,\"name\":\"Kindle &#8211; Afinal, o que voce\u0302 realmente quer para sua vida &#8211; Joel C\u00e2mara\"}]},{\"@type\":\"WebSite\",\"@id\":\"https:\/\/joelcamaracoach.com\/#website\",\"url\":\"https:\/\/joelcamaracoach.com\/\",\"name\":\"Joel C\u00e2mara - Coach & Mentoria\",\"description\":\"Coach &amp; Mentoria\",\"publisher\":{\"@id\":\"https:\/\/joelcamaracoach.com\/#\/schema\/person\/ade0dc426da8e466b0070b9aa389bc98\"},\"alternateName\":\"Joel C\u00e2mara\",\"potentialAction\":[{\"@type\":\"SearchAction\",\"target\":{\"@type\":\"EntryPoint\",\"urlTemplate\":\"https:\/\/joelcamaracoach.com\/?s={search_term_string}\"},\"query-input\":{\"@type\":\"PropertyValueSpecification\",\"valueRequired\":true,\"valueName\":\"search_term_string\"}}],\"inLanguage\":\"en-GB\"},{\"@type\":[\"Person\",\"Organization\"],\"@id\":\"https:\/\/joelcamaracoach.com\/#\/schema\/person\/ade0dc426da8e466b0070b9aa389bc98\",\"name\":\"Joel C\u00e2mara\",\"image\":{\"@type\":\"ImageObject\",\"inLanguage\":\"en-GB\",\"@id\":\"https:\/\/joelcamaracoach.com\/wp-content\/uploads\/2022\/10\/Joel-Camara-Coach-Icones-02.svg\",\"url\":\"https:\/\/joelcamaracoach.com\/wp-content\/uploads\/2022\/10\/Joel-Camara-Coach-Icones-02.svg\",\"contentUrl\":\"https:\/\/joelcamaracoach.com\/wp-content\/uploads\/2022\/10\/Joel-Camara-Coach-Icones-02.svg\",\"width\":1407,\"height\":1000,\"caption\":\"Joel C\u00e2mara\"},\"logo\":{\"@id\":\"https:\/\/joelcamaracoach.com\/wp-content\/uploads\/2022\/10\/Joel-Camara-Coach-Icones-02.svg\"},\"description\":\"Joel \u00e9 coach diplomado pela NYU- New York University- School of Professional Studies, tendo mais de 1000 horas de treinamentos em coaching e cont\u00e9udos de apoio ao coaching e mais de 500 horas de atendimento a clientes individuais com alto n\u00edvel de satisfa\u00e7\u00e3o. Foi engenheiro e l\u00edder organizacional por mais de 28 anos, 26 dos quais em duas grandes corpora\u00e7\u00f5es mundiais, tendo sido o executivo n\u00famero 1 (Plant Manager) das duas f\u00e1bricas brasileiras de alum\u00ednio da americana ALCOA, e diretor industrial e presidente da Hydro Alunorte, a maior refinaria de alumina do mundo da norueguesa Norsk Hydro. Palestrou em v\u00e1rias cidades do Brasil( S\u00e3o Paulo-SP, Campinas- SP, Rio de Janeiro-RJ, Po\u00e7os de Caldas- MG, S\u00e3o Lu\u00eds- MA), em Portugal(Lisboa) e nos Estados Unidos(Chantilly- Virginia- USA). A convite da diretora mundial de RH da americana ALCOA, fez nos Estados Unidos a palestra de encerramento do LMED- Local Managers Education and Development, importante curso para gerentes de f\u00e1brica da ALCOA de todo o mundo.\",\"sameAs\":[\"https:\/\/www.facebook.com\/joelcamaracoachange42\",\"https:\/\/www.instagram.com\/joelcamaracoach\/\",\"https:\/\/www.linkedin.com\/in\/joel-cmara-a4524a13\/\",\"https:\/\/www.youtube.com\/user\/JoelJOrgeCamara\"]}]}<\/script>\n<!-- \/ Yoast SEO plugin. -->","yoast_head_json":{"title":"Kindle - Afinal, o que voce\u0302 realmente quer para sua vida - Joel C\u00e2mara - Joel C\u00e2mara Coach","robots":{"index":"index","follow":"follow","max-snippet":"max-snippet:-1","max-image-preview":"max-image-preview:large","max-video-preview":"max-video-preview:-1"},"canonical":"https:\/\/joelcamaracoach.com\/en\/product\/kindle-afinal-o-que-voce\u0302-realmente-quer-para-sua-vida-joel-camara\/","og_locale":"en_GB","og_type":"article","og_title":"Kindle - Afinal, o que voce\u0302 realmente quer para sua vida - Joel C\u00e2mara - Joel C\u00e2mara Coach","og_description":"\u00c9 um livro inquietante, mas tamb\u00e9m reconfortante. Inquietante porque convida cada um a apropriar-se da sua hist\u00f3ria, assumir sua vida, deixando em segundo plano as \"infind\u00e1veis expectativas externas\", que geralmente fazem de n\u00f3s fantoches no dia a dia. \u00c9 um livro que nos \"sacode\", que nos convida a encarar a realidade, a tomar as r\u00e9deas, a AGIR aqui e agora. Mas, ao mesmo tempo \u00e9 reconfortante porque traz um passo a passo sobre como fazer e deixa muito claro que somos capazes de fazer, de identificar os fantasmas que nos seguram, de enfrentar e eliminar cada um deles, liberando este caminho que nos pertence desde sempre. Ent\u00e3o, por mais que nos apresente algumas \"tarefas desafiantes\" durante o percurso, nos presenteia com um resultado prazeroso: \u00e9 um guia pr\u00e1tico que nos traz a possibilidade de sermos quem queremos e quem escolhemos ser, com tarefas espec\u00edficas, bem definidas e detalhadas, uma verdadeira b\u00fassola para o leitor que est\u00e1 em busca de seu prop\u00f3sito.  Gilvanise Gulicz Vial \u00e9 psic\u00f3loga, propriet\u00e1ria do Portal Vocacional e atua com orienta\u00e7\u00e3o de vida pessoal e profissional, h\u00e1 mais de 25 anos \u2013 portalvocacional.com.br.","og_url":"https:\/\/joelcamaracoach.com\/en\/product\/kindle-afinal-o-que-voce\u0302-realmente-quer-para-sua-vida-joel-camara\/","og_site_name":"Joel C\u00e2mara Coach","article_publisher":"https:\/\/www.facebook.com\/joelcamaracoachange42","article_modified_time":"2022-10-25T21:00:30+00:00","og_image":[{"width":1967,"height":1080,"url":"https:\/\/joelcamaracoach.com\/wp-content\/uploads\/2023\/12\/otmz-Background-Principal_-Joel-Camara-Coach-Mentoria_2.webp","type":"image\/webp"}],"twitter_card":"summary_large_image","schema":{"@context":"https:\/\/schema.org","@graph":[{"@type":"WebPage","@id":"https:\/\/joelcamaracoach.com\/produto\/kindle-afinal-o-que-voce%cc%82-realmente-quer-para-sua-vida-joel-camara\/","url":"https:\/\/joelcamaracoach.com\/produto\/kindle-afinal-o-que-voce%cc%82-realmente-quer-para-sua-vida-joel-camara\/","name":"Kindle - Afinal, o que voce\u0302 realmente quer para sua vida - Joel C\u00e2mara - Joel C\u00e2mara Coach","isPartOf":{"@id":"https:\/\/joelcamaracoach.com\/#website"},"primaryImageOfPage":{"@id":"https:\/\/joelcamaracoach.com\/produto\/kindle-afinal-o-que-voce%cc%82-realmente-quer-para-sua-vida-joel-camara\/#primaryimage"},"image":{"@id":"https:\/\/joelcamaracoach.com\/produto\/kindle-afinal-o-que-voce%cc%82-realmente-quer-para-sua-vida-joel-camara\/#primaryimage"},"thumbnailUrl":"https:\/\/joelcamaracoach.com\/wp-content\/uploads\/2023\/12\/otmz-Kindle-Afinal-o-que-voce-realmente-quer-para-sua-vida-Joel-Camara-Livro.webp","datePublished":"2022-10-25T20:53:08+00:00","dateModified":"2022-10-25T21:00:30+00:00","breadcrumb":{"@id":"https:\/\/joelcamaracoach.com\/produto\/kindle-afinal-o-que-voce%cc%82-realmente-quer-para-sua-vida-joel-camara\/#breadcrumb"},"inLanguage":"en-GB","potentialAction":[{"@type":"ReadAction","target":["https:\/\/joelcamaracoach.com\/produto\/kindle-afinal-o-que-voce%cc%82-realmente-quer-para-sua-vida-joel-camara\/"]}]},{"@type":"ImageObject","inLanguage":"en-GB","@id":"https:\/\/joelcamaracoach.com\/produto\/kindle-afinal-o-que-voce%cc%82-realmente-quer-para-sua-vida-joel-camara\/#primaryimage","url":"https:\/\/joelcamaracoach.com\/wp-content\/uploads\/2023\/12\/otmz-Kindle-Afinal-o-que-voce-realmente-quer-para-sua-vida-Joel-Camara-Livro.webp","contentUrl":"https:\/\/joelcamaracoach.com\/wp-content\/uploads\/2023\/12\/otmz-Kindle-Afinal-o-que-voce-realmente-quer-para-sua-vida-Joel-Camara-Livro.webp","width":600,"height":900},{"@type":"BreadcrumbList","@id":"https:\/\/joelcamaracoach.com\/produto\/kindle-afinal-o-que-voce%cc%82-realmente-quer-para-sua-vida-joel-camara\/#breadcrumb","itemListElement":[{"@type":"ListItem","position":1,"name":"In\u00edcio","item":"https:\/\/joelcamaracoach.com\/"},{"@type":"ListItem","position":2,"name":"Loja","item":"https:\/\/joelcamaracoach.com\/loja\/"},{"@type":"ListItem","position":3,"name":"Kindle &#8211; Afinal, o que voce\u0302 realmente quer para sua vida &#8211; Joel C\u00e2mara"}]},{"@type":"WebSite","@id":"https:\/\/joelcamaracoach.com\/#website","url":"https:\/\/joelcamaracoach.com\/","name":"Joel C\u00e2mara - Coach & Mentoria","description":"Coach &amp; Mentoria","publisher":{"@id":"https:\/\/joelcamaracoach.com\/#\/schema\/person\/ade0dc426da8e466b0070b9aa389bc98"},"alternateName":"Joel C\u00e2mara","potentialAction":[{"@type":"SearchAction","target":{"@type":"EntryPoint","urlTemplate":"https:\/\/joelcamaracoach.com\/?s={search_term_string}"},"query-input":{"@type":"PropertyValueSpecification","valueRequired":true,"valueName":"search_term_string"}}],"inLanguage":"en-GB"},{"@type":["Person","Organization"],"@id":"https:\/\/joelcamaracoach.com\/#\/schema\/person\/ade0dc426da8e466b0070b9aa389bc98","name":"Joel C\u00e2mara","image":{"@type":"ImageObject","inLanguage":"en-GB","@id":"https:\/\/joelcamaracoach.com\/wp-content\/uploads\/2022\/10\/Joel-Camara-Coach-Icones-02.svg","url":"https:\/\/joelcamaracoach.com\/wp-content\/uploads\/2022\/10\/Joel-Camara-Coach-Icones-02.svg","contentUrl":"https:\/\/joelcamaracoach.com\/wp-content\/uploads\/2022\/10\/Joel-Camara-Coach-Icones-02.svg","width":1407,"height":1000,"caption":"Joel C\u00e2mara"},"logo":{"@id":"https:\/\/joelcamaracoach.com\/wp-content\/uploads\/2022\/10\/Joel-Camara-Coach-Icones-02.svg"},"description":"Joel \u00e9 coach diplomado pela NYU- New York University- School of Professional Studies, tendo mais de 1000 horas de treinamentos em coaching e cont\u00e9udos de apoio ao coaching e mais de 500 horas de atendimento a clientes individuais com alto n\u00edvel de satisfa\u00e7\u00e3o. Foi engenheiro e l\u00edder organizacional por mais de 28 anos, 26 dos quais em duas grandes corpora\u00e7\u00f5es mundiais, tendo sido o executivo n\u00famero 1 (Plant Manager) das duas f\u00e1bricas brasileiras de alum\u00ednio da americana ALCOA, e diretor industrial e presidente da Hydro Alunorte, a maior refinaria de alumina do mundo da norueguesa Norsk Hydro. Palestrou em v\u00e1rias cidades do Brasil( S\u00e3o Paulo-SP, Campinas- SP, Rio de Janeiro-RJ, Po\u00e7os de Caldas- MG, S\u00e3o Lu\u00eds- MA), em Portugal(Lisboa) e nos Estados Unidos(Chantilly- Virginia- USA). A convite da diretora mundial de RH da americana ALCOA, fez nos Estados Unidos a palestra de encerramento do LMED- Local Managers Education and Development, importante curso para gerentes de f\u00e1brica da ALCOA de todo o mundo.","sameAs":["https:\/\/www.facebook.com\/joelcamaracoachange42","https:\/\/www.instagram.com\/joelcamaracoach\/","https:\/\/www.linkedin.com\/in\/joel-cmara-a4524a13\/","https:\/\/www.youtube.com\/user\/JoelJOrgeCamara"]}]}},"_links":{"self":[{"href":"https:\/\/joelcamaracoach.com\/en\/wp-json\/wp\/v2\/product\/1114","targetHints":{"allow":["GET"]}}],"collection":[{"href":"https:\/\/joelcamaracoach.com\/en\/wp-json\/wp\/v2\/product"}],"about":[{"href":"https:\/\/joelcamaracoach.com\/en\/wp-json\/wp\/v2\/types\/product"}],"replies":[{"embeddable":true,"href":"https:\/\/joelcamaracoach.com\/en\/wp-json\/wp\/v2\/comments?post=1114"}],"wp:featuredmedia":[{"embeddable":true,"href":"https:\/\/joelcamaracoach.com\/en\/wp-json\/wp\/v2\/media\/1892"}],"wp:attachment":[{"href":"https:\/\/joelcamaracoach.com\/en\/wp-json\/wp\/v2\/media?parent=1114"}],"wp:term":[{"taxonomy":"product_brand","embeddable":true,"href":"https:\/\/joelcamaracoach.com\/en\/wp-json\/wp\/v2\/product_brand?post=1114"},{"taxonomy":"product_cat","embeddable":true,"href":"https:\/\/joelcamaracoach.com\/en\/wp-json\/wp\/v2\/product_cat?post=1114"},{"taxonomy":"product_tag","embeddable":true,"href":"https:\/\/joelcamaracoach.com\/en\/wp-json\/wp\/v2\/product_tag?post=1114"}],"curies":[{"name":"wp","href":"https:\/\/api.w.org\/{rel}","templated":true}]}}